{"id":386,"date":"2020-01-03T20:39:32","date_gmt":"2020-01-03T19:39:32","guid":{"rendered":"http:\/\/lactappclinic.com\/lactapp\/?page_id=386"},"modified":"2025-10-21T10:01:26","modified_gmt":"2025-10-21T10:01:26","slug":"aviso-legal","status":"publish","type":"page","link":"https:\/\/nuaclinic.es\/cat\/aviso-legal\/","title":{"rendered":"Aviso legal y Pol\u00edtica de Privacidad"},"content":{"rendered":"<h2>Aviso legal, Pol\u00edtica de Privacidad y Protecci\u00f3n de Datos<\/h2>\n<!-- \/wp:post-content -->\n\n<!-- wp:paragraph -->\n<ol>\n \t<li><b>Introducci\u00f3n<\/b><\/li>\n<\/ol>\nEl presente texto contiene el aviso legal as\u00ed como pol\u00edtica de privacidad y protecci\u00f3n de datos de WOMMUM PSICOLOGIA SL (marca NUA CLINIC)\n\nEn la web\u00a0<a href=\"https:\/\/nuaclinic.es\/cat\/\">www.nuaclinic.es<\/a>\u00a0hay una serie de contenidos de car\u00e1cter informativo sobre los servicios prestados.\u00a0Su principal objetivo es facilitar a las personas usuarias y al p\u00fablico en general, la informaci\u00f3n relativa a los servicios y actividades que ofrece, as\u00ed como informar de la pol\u00edtica de protecci\u00f3n de datos de car\u00e1cter personal.\n\nEste texto puede variar en funci\u00f3n de cambios legislativos o de autorregulaci\u00f3n, por lo que se aconseja su consulta peri\u00f3dica.\n<ol start=\"2\">\n \t<li><b>Legalidad vigente<\/b>\u00a0<b>y jurisdicci\u00f3n aplicable\u00a0<\/b><\/li>\n<\/ol>\nReglamento (UE) 2016\/679 del Parlamento Europeo y del Consejo, de 27 de abril de 2016, relativo a la protecci\u00f3n de las personas f\u00edsicas en lo que respecta al tratamiento de datos personales y a la libre circulaci\u00f3n de estos datos, Ley Org\u00e1nica 3\/2018, de 5 de diciembre, de Protecci\u00f3n de datos (en adelante, LOPD), Real Decreto 1720\/2007, de 21 de diciembre, Ley 34\/2002, de 11 de julio, de sociedad de la informaci\u00f3n y comercio electr\u00f3nico, en lo que se refiere a la instalaci\u00f3n de galletas o cookies (en adelante, LSSICE).\n<ol start=\"3\">\n \t<li><b>Titularidad<\/b><\/li>\n<\/ol>\nLa web\u00a0<a href=\"https:\/\/nuaclinic.es\/cat\/\">www.nuaclinic.es<\/a> pertenece a WOMMUM PSICOLOGIA, SL (marca comercial NUA CLINIC) (CIF B-67487314) con direcci\u00f3n en c\/ Valencia 263, 3ro 1a, 08007 Barcelona (Espa\u00f1a), con tel\u00e9fono +34 93 130 47 74 y correo electr\u00f3nico info@nuaclinic.es.\n<ol start=\"4\">\n \t<li><b>Uso y tratamiento de los datos<\/b><\/li>\n<\/ol>\nWOMMUM PSICOLOGIA SL (marca NUA CLINIC) est\u00e1 al corriente de sus obligaciones legales en cuanto al uso y tratamiento de datos personales.\n\nLos principios aplicables al uso y tratamiento de datos personales ser\u00e1n los de licitud, lealtad y transparencia, limitaci\u00f3n de la finalidad, minimizaci\u00f3n de datos (adecuaci\u00f3n y pertinencia), exactitud, limitaci\u00f3n del plazo de conservaci\u00f3n, integridad y confidencialidad, as\u00ed como de responsabilidad proactiva.\n\nS\u00f3lo se requerir\u00e1n los datos necesarios para el desempe\u00f1o de la actividad, que no ser\u00e1n conservados m\u00e1s all\u00e1 del tiempo necesario o establecido legalmente.\n\nWOMMUM PSICOLOGIA SL (marca NUA CLINIC) realiza un uso y tratamiento de datos transparente y honesto, facilitando el ejercicio de los derechos respecto de los mismos.\n<ol start=\"5\">\n \t<li><b>Secreto y seguridad de los datos<\/b><\/li>\n<\/ol>\nWOMMUM PSICOLOGIA SL (marca NUA CLINIC) cumple con sus obligaciones de secreto y seguridad de los datos de car\u00e1cter personal, adoptando las medidas de \u00edndole t\u00e9cnica y organizativa requeridas.\n\nSiempre se va a respetar la confidencialidad de los datos personales que s\u00f3lo ser\u00e1n utilizados con la finalidad de gestionar los servicios ofrecidos, atender a las solicitudes, realizar tareas administrativas, as\u00ed como remitir informaci\u00f3n t\u00e9cnica, comercial o publicitaria por v\u00eda ordinaria o electr\u00f3nica\u00a0en el caso de que proceda y haya sido consentido.\n\nA\u00fan as\u00ed la red Internet no es inexpugnable, por lo que WOMMUM PSICOLOGIA SL (marca NUA CLINIC) no puede responsabilizarse de accesos fraudulentos por parte de terceros.\n\nNinguna tercera persona ajena a la responsable podr\u00e1 acceder directamente a los datos personales sin el consentimiento del titular, salvo sea necesario para prestar un servicio de gesti\u00f3n o desarrollo de la actividad, as\u00ed como por exigencias legales y\/o judiciales.\n<ol start=\"6\">\n \t<li><b>Cookies<\/b><\/li>\n<\/ol>\nLa web WOMMUM PSICOLOGIA SL (marca NUA CLINIC) utiliza cookies, peque\u00f1os archivos de texto que el servidor del sitio web ubica en el disco duro del equipo usuario para recoger datos estad\u00edsticos sobre su navegaci\u00f3n en la p\u00e1gina permitiendo la visualizaci\u00f3n de contenidos publicitarios.\n\nLas cookies utilizadas se asocian \u00fanicamente con un usuario an\u00f3nimo y su ordenador, y no proporcionan por s\u00ed mismas los datos personales del usuario.\n\nMediante el uso de las cookies resulta posible que el servidor donde se encuentra la web reconozca el navegador web utilizado por el usuario con la finalidad de que la navegaci\u00f3n sea m\u00e1s sencilla.\n\nSe utilizan tambi\u00e9n para medir la audiencia y par\u00e1metros del tr\u00e1fico, controlar el proceso y n\u00famero de entradas.\n\nEl usuario tiene la posibilidad de configurar su navegador para ser avisado de la recepci\u00f3n de cookies y para impedir su instalaci\u00f3n en su equipo.\n\nPuedes configurar tu navegador para aceptar o rechazar su instalaci\u00f3n o suprimirlos al finalizar la navegaci\u00f3n. Consulta las instrucciones y manuales de su navegador para ampliar esta informaci\u00f3n\n\nWOMMUM PSICOLOGIA SL (marca NUA CLINIC) aconseja activarlas para una mejor experiencia de navegaci\u00f3n y no se responsabiliza de que su desactivaci\u00f3n afecte al \u00f3ptimo funcionamiento de la p\u00e1gina.\n\nPara utilizar el sitio web no es necesario que el usuario permita la instalaci\u00f3n de las cookies enviadas al sitio web, o el tercero que act\u00fae en su nombre, sin perjuicio de que sea necesario que el usuario inicie una sesi\u00f3n tal en cada uno de los servicios cuya prestaci\u00f3n requiera el previo registro.\n\nLas cookies tienen un car\u00e1cter temporal y en ning\u00fan caso se utilizar\u00e1n para recoger informaci\u00f3n de car\u00e1cter personal.\n<ol start=\"7\">\n \t<li><b>Suscripci\u00f3n<\/b><\/li>\n<\/ol>\nEn caso de suscripci\u00f3n se solicitar\u00e1n los datos necesarios imprescindibles para gestionar el env\u00edo de novedades y actividades que ser\u00e1n incorporados a un fichero de suscriptores.\n<ol start=\"8\">\n \t<li><b>Derechos de acceso, rectificaci\u00f3n, limitaci\u00f3n del tratamiento, supresi\u00f3n y oposici\u00f3n de datos personales<\/b><\/li>\n<\/ol>\nComo persona usuaria puedes en cualquier momento ejercer tus derechos legales. Para ello puedes ponerte en contacto conmigo en la direcci\u00f3n tanto f\u00edsica como electr\u00f3nica facilitadas en la cl\u00e1usula 3 de este texto (info@nuaclinic.es).\n\nEs imprescindible que adjuntes copia del pasaporte o DNI de la persona titular de los datos e indiques en el asunto de manera expresa la petici\u00f3n que quieres realizar.\n\nDe acuerdo con la normativa vigente, contestaremos a tu solicitud en el plazo de un mes desde su recepci\u00f3n. Dicho plazo ser\u00e1 excepcionalmente prorrogable otros dos meses seg\u00fan la complejidad y n\u00famero de solicitudes. En tal caso se te informar\u00eda de los motivos de la dilaci\u00f3n.\n\nEn el caso de que no se diera curso a tu solicitud o no estuvieras de acuerdo con nuestra forma de actuar, tienes la posibilidad de presentar reclamaci\u00f3n ante la Agencia de Protecci\u00f3n de Datos correspondiente.\n<ol start=\"9\">\n \t<li><b>Veracidad de la informaci\u00f3n<\/b><\/li>\n<\/ol>\nLa persona usuaria se responsabiliza de la veracidad y actualizaci\u00f3n de los datos proporcionados.\n<ol start=\"10\">\n \t<li><b>Comunicaciones comerciales<\/b><\/li>\n<\/ol>\nWOMMUM PSICOLOGIA SL (marca NUA CLINIC) no remitir\u00e1 comunicaciones comerciales sin previa solicitud o consentimiento de la persona.\n\nEn caso de haber solicitado o consentido a comunicaciones comerciales la persona podr\u00e1 darse de baja en cualquier momento de acuerdo con la cl\u00e1usula 8 de este documento.\n<ol start=\"11\">\n \t<li><b>Condiciones de uso<\/b><\/li>\n<\/ol>\nLas condiciones de acceso y uso del presente sitio web se rigen por la legalidad vigente y por el principio de buena fe comprometi\u00e9ndose el usuario a realizar un buen uso de la web.\n\nNo se permiten conductas que vayan contra la ley, los derechos o intereses de terceros.\n\nSer usuario de la web de\u00a0<a href=\"https:\/\/nuaclinic.es\/cat\/\">www.nuaclinic.es<\/a>\u00a0implica que reconoce haber le\u00eddo y aceptado las presentes condiciones y lo que las extienda la normativa legal aplicable en esta materia.\n\nSi por el motivo que fuere no est\u00e1 de acuerdo con estas condiciones no contin\u00fae usando esta web.\n\nCualquier tipo de notificaci\u00f3n y\/o reclamaci\u00f3n solamente ser\u00e1 v\u00e1lida por notificaci\u00f3n escrita v\u00eda electr\u00f3nica y\/o correo certificado.\n<ol start=\"12\">\n \t<li><b>Propiedad intelectual e industrial<\/b><\/li>\n<\/ol>\nWOMMUM PSICOLOGIA SL (marca NUA CLINIC) es titular de todos los derechos sobre el software de la publicaci\u00f3n digital as\u00ed como de los derechos de propiedad industrial e intelectual referidos a los contenidos que se incluyan, a excepci\u00f3n de los derechos sobre productos y servicios de car\u00e1cter p\u00fablico que no son propiedad de esta empresa.\n\nNing\u00fan material publicado en esta web podr\u00e1 ser reproducido, copiado o publicado sin el consentimiento por escrito de WOMMUM PSICOLOGIA SL (marca NUA CLINIC).\n\nToda la informaci\u00f3n que se reciba en la web, como comentarios, sugerencias o ideas, se considerar\u00e1 cedida a WOMMUM PSICOLOGIA SL (marca NUA CLINIC) de manera gratuita. No debe enviarse informaci\u00f3n que NO pueda ser tratada de este modo.\n<ol start=\"13\">\n \t<li><b>Responsabilidades<\/b><\/li>\n<\/ol>\nWOMMUM PSICOLOGIA SL (marca NUA CLINIC) no se hace responsable de la informaci\u00f3n y contenidos almacenados en foros, redes sociales o cualesquier otro medio que permita a terceros publicar contenidos de forma independiente en la p\u00e1gina web del prestador.\n\nSin embargo, teniendo en cuenta los art. 11 y 16 de la LSSI-CE, WOMMUM PSICOLOGIA SL (marca NUA CLINIC) se compromete a la retirada o en su caso bloqueo de aquellos contenidos que pudieran afectar o contravenir la legislaci\u00f3n nacional o internacional, derechos de terceros o la moral y el orden p\u00fablico.\n\nTampoco WOMMUM PSICOLOGIA SL (marca NUA CLINIC) se responsabilizar\u00e1 de los da\u00f1os y perjuicios que se produzcan por fallos o malas configuraciones del software instalado en el ordenador del internauta.\n\nSe excluye toda responsabilidad por alguna incidencia t\u00e9cnica o fallo que se produzca cuando el usuario se conecte a internet.\n\nIgualmente no se garantiza la inexistencia de interrupciones o errores en el acceso al sitio web.\n\nWOMMUM PSICOLOGIA SL (marca NUA CLINIC) se reserva el derecho a actualizar, modificar o eliminar la informaci\u00f3n contenida en su p\u00e1gina web, as\u00ed como la configuraci\u00f3n o presentaci\u00f3n del mismo, en cualquier momento. Por ello se recomienda la consulta regular del presente aviso legal.\n<h3><strong>POL\u00cdTICA DE VENTA Y CANCELACI\u00d3N\/DEVOLUCI\u00d3N<\/strong><\/h3>\nEl presente texto tiene por objeto establecer las normas de uso y funcionamiento del sitio web\u00a0<a href=\"https:\/\/nuaclinic.es\/cat\/\">www.nuaclinic.es<\/a> (en adelante, la WEB) de la que WOMMUM PSICOLOG\u00cdA, SL es titular (siendo asimismo titular de la marca NUA CLINIC), as\u00ed como su pol\u00edtica de privacidad y de protecci\u00f3n de datos.\n<ol>\n \t<li><b>Sujetos<\/b><\/li>\n<\/ol>\n<ul>\n \t<li>\n<ul>\n \t<li><strong>NUA CLINIC<\/strong>: Titular del sitio web\u00a0<a href=\"https:\/\/nuaclinic.es\/cat\/\">www.nuaclinic.es<\/a><\/li>\n \t<li><strong>USUARIA\/O<\/strong>: Cualquier persona usuaria de la mencionada p\u00e1gina web.<\/li>\n \t<li><b>CLIENTELA: <\/b>Personas que hayan adquirido cualquiera de los talleres o servicios disponibles en la web.<\/li>\n<\/ul>\n<\/li>\n<\/ul>\n<ol start=\"2\">\n \t<li><b>Objeto<\/b><\/li>\n<\/ol>\nLa utilizaci\u00f3n de la WEB implica la aceptaci\u00f3n de los presentes T\u00e9rminos de Uso y Condiciones Generales, texto que articula y regula las relaciones jur\u00eddicas entre NUA CLINIC y las personas USUARIAS y CLIENTELA. Estas \u00faltimas reconocen ser mayores de edad y tener capacidad jur\u00eddica suficiente para contratar.\n\nEl presente texto permanecer\u00e1 a disposici\u00f3n de las personas USUARIAS y de la CLIENTELA en la WEB, pudiendo ser modificado en determinados momentos a la par que manteniendo su validez y plena eficacia jur\u00eddica, por lo que se aconseja consultarlo peri\u00f3dicamente.\n<ol start=\"3\">\n \t<li><b>Titularidad<\/b><\/li>\n<\/ol>\nLa web\u00a0<a href=\"https:\/\/nuaclinic.es\/cat\/\">www.nuaclinic.es<\/a> pertenece a WOMMUM PSICOLOGIA, SL (marca comercial NUA CLINIC) (CIF B-67487314) con direcci\u00f3n en c\/ Valencia 263, 3ro 1a, 08007 Barcelona (Espa\u00f1a), con tel\u00e9fono +34 93 130 47 74 y correo electr\u00f3nico <a href=\"mailto:info@nuaclinic.es\">info@nuaclinic.es<\/a>\n\nLa WEB pone a disposici\u00f3n de las personas un \u00e1mplio cat\u00e1logo de talleres as\u00ed como servicios relacionados con la maternidad, la lactancia y otros temas que la CLIENTELA podr\u00e1 reservar mediante el pago de determinado importe.\n\nEn relaci\u00f3n a los talleres y servicios, el importe a pagar, as\u00ed como las caracter\u00edsticas y contenidos concretos estar\u00e1n disponibles y podr\u00e1n ser consultados por la CLIENTELA con anterioridad a su contrataci\u00f3n.\n<ol start=\"4\">\n \t<li><b>Servicios y talleres<\/b><\/li>\n<\/ol>\nNUA CLINIC pone a disposici\u00f3n de la CLIENTELA servicios y talleres en relaci\u00f3n con maternidad, lactancia, crianza, y otros temas.\n<ol start=\"5\">\n \t<li><b>Contrataci\u00f3n de los servicios y talleres<\/b><\/li>\n<\/ol>\nPara que una persona pueda reservar servicios y talleres deber\u00e1 introducir los datos personales necesarios para gestionar dicha reserva, en concreto, nombre y apellidos, NIF, correo electr\u00f3nico y\/o domicilio as\u00ed como otras informaciones necesarias para la correcta reserva o prestaci\u00f3n del servicio. El tratamiento de estos datos estar\u00e1 sometido a la\u00a0<a href=\"https:\/\/nuaclinic.es\/cat\/aviso-legal\/\">Pol\u00edtica de Protecci\u00f3n y Privacidad de Datos\u00a0<\/a>m\u00e1s arriba disponible.\n\nA continuaci\u00f3n la CLIENTELA deber\u00e1 realizar el pago del servicio o taller elegido, para lo que podr\u00e1 optar o por acceder a una pasarela de pago segura, o realizar una transferencia bancaria. En caso de que el proceso se complete satisfactoriamente, se enviar\u00e1 un correo electr\u00f3nico confirmando la reserva.\n\nLa reserva de un servicio o taller da el derecho a la CLIENTELA a que le sea prestado dicho servicio y\/o a asistir al taller elegido.\n<ol start=\"6\">\n \t<li><b>Obligaciones de la CLIENTELA<\/b><\/li>\n<\/ol>\nLa CLIENTELA se compromete al pago de los servicios y talleres contratados, as\u00ed como a proporcionar informaci\u00f3n actual y veraz, as\u00ed como a informar de las modificaciones que pudieran producirse en los datos personales facilitados, a los efectos de la correcta prestaci\u00f3n de los servicios contratados, as\u00ed como a mantener una actitud correcta y c\u00edvica durante los talleres.\n<ol start=\"7\">\n \t<li><b>Responsabilidad\u00a0<\/b><\/li>\n<\/ol>\nLos servicios son prestados y los talleres impartidos por personas expertas en la materia. Sin embargo NUA CLINIC no ser\u00e1 responsable de los contenidos de los mismos ni de los comentarios realizados por las personas que presten los servicios o faciliten los talleres.\n\nNUA CLINIC tampoco ser\u00e1 responsable cuando los servicios no sean prestados o los talleres no sean impartidos por fuerza mayor o causas ajenas a su control, aunque siempre que surjan circunstancias que afecten a los servicios y talleres ofertados tratar\u00e1 de buscar soluciones y ofrecer alternativas satisfactorias.\n<ol start=\"8\">\n \t<li><b>Propiedad intelectual e industrial<\/b><\/li>\n<\/ol>\nLos nombres de dominio, marcas, signos distintivos y logos que aparecen en la WEB son propiedad de NUA CLINIC o de terceros y no podr\u00e1n ser objeto de explotaci\u00f3n sin la autorizaci\u00f3n expresa y por escrito de su titular. Lo mismo aplica a los contenidos de la web (textos, im\u00e1genes, elementos gr\u00e1ficos, etc\u00e9tera).\n\nLa contrataci\u00f3n de servicios o talleres no implica la cesi\u00f3n de derechos a favor de la CLIENTELA y quedan prohibidos los actos de reproducci\u00f3n, distribuci\u00f3n, transformaci\u00f3n y an\u00e1logos.\n<ol start=\"9\">\n \t<li><b>Cancelaciones y reembolsos<\/b><\/li>\n<\/ol>\nA los efectos de poder prestar un buen servicio y por cuestiones log\u00edsticas, NUA CLINIC necesita poder organizar su agenda as\u00ed como organizar los talleres en relaci\u00f3n a coordinar personas asistentes y talleristas.\n\nCon base en lo anterior se detalla el derecho al desistimiento de la CLIENTELA:\n\nUna vez reservado y pagado un servicio o taller, dicha reserva podr\u00e1 anularse hasta con 24 horas de antelaci\u00f3n, pudiendo optar la CLIENTELA por otra fecha\/hora.\n\nEn caso de que la cancelaci\u00f3n se lleve a cabo durante los 14 d\u00edas siguientes a la reserva y en todo caso, con 1 semana o m\u00e1s de antelaci\u00f3n, existir\u00e1 la opci\u00f3n del reembolso del dinero pagado.\n\nPara cancelaciones a menos de 1 semana de la prestaci\u00f3n del servicio o taller, no se realizar\u00e1n reembolsos de las cantidades abonadas excepto en casos excepcionales debidamente justificados, pero s\u00ed se tendr\u00e1 la opci\u00f3n de buscar otro taller u otra fecha\/hora.\n<ol start=\"10\">\n \t<li><b>Normativa y jurisdicci\u00f3n<\/b><\/li>\n<\/ol>\nLa presente contrataci\u00f3n y relaciones jur\u00eddicas se rigen por la normativa espa\u00f1ola vigente y las partes acuerdan someterse a los Juzgados y Tribunales competentes en Espa\u00f1a.\n\n<!-- \/wp:paragraph -->","protected":false},"excerpt":{"rendered":"<p>Aviso legal, Pol\u00edtica de Privacidad y Protecci\u00f3n de Datos Introducci\u00f3n El presente texto contiene el aviso legal as\u00ed como pol\u00edtica de privacidad y protecci\u00f3n de datos de WOMMUM PSICOLOGIA SL&hellip;<\/p>","protected":false},"author":1,"featured_media":0,"parent":0,"menu_order":0,"comment_status":"closed","ping_status":"closed","template":"","meta":{"_eb_attr":"","_joinchat":[],"footnotes":""},"class_list":["post-386","page","type-page","status-publish","hentry"],"yoast_head":"<!-- This site is optimized with the Yoast SEO plugin v27.3 - https:\/\/yoast.com\/product\/yoast-seo-wordpress\/ -->\n<title>Aviso legal y Pol\u00edtica de Privacidad - Nua Clinic<\/title>\n<meta name=\"robots\" content=\"noindex, nofollow\" \/>\n<meta property=\"og:locale\" content=\"ca_ES\" \/>\n<meta property=\"og:type\" content=\"article\" \/>\n<meta property=\"og:title\" content=\"Aviso legal y Pol\u00edtica de Privacidad - Nua Clinic\" \/>\n<meta property=\"og:description\" content=\"Aviso legal, Pol\u00edtica de Privacidad y Protecci\u00f3n de Datos Introducci\u00f3n El presente texto contiene el aviso legal as\u00ed como pol\u00edtica de privacidad y protecci\u00f3n de datos de WOMMUM PSICOLOGIA SL&hellip;\" \/>\n<meta property=\"og:url\" content=\"https:\/\/nuaclinic.es\/cat\/aviso-legal\/\" \/>\n<meta property=\"og:site_name\" content=\"Nua Clinic\" \/>\n<meta property=\"article:modified_time\" content=\"2025-10-21T10:01:26+00:00\" \/>\n<meta name=\"twitter:card\" content=\"summary_large_image\" \/>\n<meta name=\"twitter:label1\" content=\"Temps estimat de lectura\" \/>\n\t<meta name=\"twitter:data1\" content=\"11 minuts\" \/>\n<script type=\"application\/ld+json\" class=\"yoast-schema-graph\">{\"@context\":\"https:\\\/\\\/schema.org\",\"@graph\":[{\"@type\":\"WebPage\",\"@id\":\"https:\\\/\\\/nuaclinic.es\\\/aviso-legal\\\/\",\"url\":\"https:\\\/\\\/nuaclinic.es\\\/aviso-legal\\\/\",\"name\":\"Aviso legal y Pol\u00edtica de Privacidad - Nua Clinic\",\"isPartOf\":{\"@id\":\"https:\\\/\\\/nuaclinic.es\\\/esp\\\/#website\"},\"datePublished\":\"2020-01-03T19:39:32+00:00\",\"dateModified\":\"2025-10-21T10:01:26+00:00\",\"breadcrumb\":{\"@id\":\"https:\\\/\\\/nuaclinic.es\\\/aviso-legal\\\/#breadcrumb\"},\"inLanguage\":\"ca\",\"potentialAction\":[{\"@type\":\"ReadAction\",\"target\":[\"https:\\\/\\\/nuaclinic.es\\\/aviso-legal\\\/\"]}]},{\"@type\":\"BreadcrumbList\",\"@id\":\"https:\\\/\\\/nuaclinic.es\\\/aviso-legal\\\/#breadcrumb\",\"itemListElement\":[{\"@type\":\"ListItem\",\"position\":1,\"name\":\"Portada\",\"item\":\"https:\\\/\\\/nuaclinic.es\\\/\"},{\"@type\":\"ListItem\",\"position\":2,\"name\":\"Aviso legal y Pol\u00edtica de Privacidad\"}]},{\"@type\":\"WebSite\",\"@id\":\"https:\\\/\\\/nuaclinic.es\\\/esp\\\/#website\",\"url\":\"https:\\\/\\\/nuaclinic.es\\\/esp\\\/\",\"name\":\"Nua Clinic\",\"description\":\"Cl\u00ednica de atenci\u00f3n integral a la mujer ubicada en Barcelona. Atenci\u00f3n presencial y online. Equipo multidisciplinar  que trabajamos de forma interdisciplinar para poder prestar una atenci\u00f3n de calidad a las personas que acuden a nuestra consulta\",\"publisher\":{\"@id\":\"https:\\\/\\\/nuaclinic.es\\\/esp\\\/#organization\"},\"potentialAction\":[{\"@type\":\"SearchAction\",\"target\":{\"@type\":\"EntryPoint\",\"urlTemplate\":\"https:\\\/\\\/nuaclinic.es\\\/esp\\\/?s={search_term_string}\"},\"query-input\":{\"@type\":\"PropertyValueSpecification\",\"valueRequired\":true,\"valueName\":\"search_term_string\"}}],\"inLanguage\":\"ca\"},{\"@type\":\"Organization\",\"@id\":\"https:\\\/\\\/nuaclinic.es\\\/esp\\\/#organization\",\"name\":\"Nua Clinic\",\"url\":\"https:\\\/\\\/nuaclinic.es\\\/esp\\\/\",\"logo\":{\"@type\":\"ImageObject\",\"inLanguage\":\"ca\",\"@id\":\"https:\\\/\\\/nuaclinic.es\\\/esp\\\/#\\\/schema\\\/logo\\\/image\\\/\",\"url\":\"https:\\\/\\\/nuaclinic.es\\\/wp-content\\\/uploads\\\/2025\\\/10\\\/logo-nua-clinic.png\",\"contentUrl\":\"https:\\\/\\\/nuaclinic.es\\\/wp-content\\\/uploads\\\/2025\\\/10\\\/logo-nua-clinic.png\",\"width\":1748,\"height\":1748,\"caption\":\"Nua Clinic\"},\"image\":{\"@id\":\"https:\\\/\\\/nuaclinic.es\\\/esp\\\/#\\\/schema\\\/logo\\\/image\\\/\"}}]}<\/script>\n<!-- \/ Yoast SEO plugin. -->","yoast_head_json":{"title":"Aviso legal y Pol\u00edtica de Privacidad - Nua Clinic","robots":{"index":"noindex","follow":"nofollow"},"og_locale":"ca_ES","og_type":"article","og_title":"Aviso legal y Pol\u00edtica de Privacidad - Nua Clinic","og_description":"Aviso legal, Pol\u00edtica de Privacidad y Protecci\u00f3n de Datos Introducci\u00f3n El presente texto contiene el aviso legal as\u00ed como pol\u00edtica de privacidad y protecci\u00f3n de datos de WOMMUM PSICOLOGIA SL&hellip;","og_url":"https:\/\/nuaclinic.es\/cat\/aviso-legal\/","og_site_name":"Nua Clinic","article_modified_time":"2025-10-21T10:01:26+00:00","twitter_card":"summary_large_image","twitter_misc":{"Temps estimat de lectura":"11 minuts"},"schema":{"@context":"https:\/\/schema.org","@graph":[{"@type":"WebPage","@id":"https:\/\/nuaclinic.es\/aviso-legal\/","url":"https:\/\/nuaclinic.es\/aviso-legal\/","name":"Aviso legal y Pol\u00edtica de Privacidad - Nua Clinic","isPartOf":{"@id":"https:\/\/nuaclinic.es\/esp\/#website"},"datePublished":"2020-01-03T19:39:32+00:00","dateModified":"2025-10-21T10:01:26+00:00","breadcrumb":{"@id":"https:\/\/nuaclinic.es\/aviso-legal\/#breadcrumb"},"inLanguage":"ca","potentialAction":[{"@type":"ReadAction","target":["https:\/\/nuaclinic.es\/aviso-legal\/"]}]},{"@type":"BreadcrumbList","@id":"https:\/\/nuaclinic.es\/aviso-legal\/#breadcrumb","itemListElement":[{"@type":"ListItem","position":1,"name":"Portada","item":"https:\/\/nuaclinic.es\/"},{"@type":"ListItem","position":2,"name":"Aviso legal y Pol\u00edtica de Privacidad"}]},{"@type":"WebSite","@id":"https:\/\/nuaclinic.es\/esp\/#website","url":"https:\/\/nuaclinic.es\/esp\/","name":"Nua Clinic","description":"Cl\u00ednica de atenci\u00f3n integral a la mujer ubicada en Barcelona. Atenci\u00f3n presencial y online. Equipo multidisciplinar  que trabajamos de forma interdisciplinar para poder prestar una atenci\u00f3n de calidad a las personas que acuden a nuestra consulta","publisher":{"@id":"https:\/\/nuaclinic.es\/esp\/#organization"},"potentialAction":[{"@type":"SearchAction","target":{"@type":"EntryPoint","urlTemplate":"https:\/\/nuaclinic.es\/esp\/?s={search_term_string}"},"query-input":{"@type":"PropertyValueSpecification","valueRequired":true,"valueName":"search_term_string"}}],"inLanguage":"ca"},{"@type":"Organization","@id":"https:\/\/nuaclinic.es\/esp\/#organization","name":"Nua Clinic","url":"https:\/\/nuaclinic.es\/esp\/","logo":{"@type":"ImageObject","inLanguage":"ca","@id":"https:\/\/nuaclinic.es\/esp\/#\/schema\/logo\/image\/","url":"https:\/\/nuaclinic.es\/wp-content\/uploads\/2025\/10\/logo-nua-clinic.png","contentUrl":"https:\/\/nuaclinic.es\/wp-content\/uploads\/2025\/10\/logo-nua-clinic.png","width":1748,"height":1748,"caption":"Nua Clinic"},"image":{"@id":"https:\/\/nuaclinic.es\/esp\/#\/schema\/logo\/image\/"}}]}},"_links":{"self":[{"href":"https:\/\/nuaclinic.es\/cat\/wp-json\/wp\/v2\/pages\/386","targetHints":{"allow":["GET"]}}],"collection":[{"href":"https:\/\/nuaclinic.es\/cat\/wp-json\/wp\/v2\/pages"}],"about":[{"href":"https:\/\/nuaclinic.es\/cat\/wp-json\/wp\/v2\/types\/page"}],"author":[{"embeddable":true,"href":"https:\/\/nuaclinic.es\/cat\/wp-json\/wp\/v2\/users\/1"}],"replies":[{"embeddable":true,"href":"https:\/\/nuaclinic.es\/cat\/wp-json\/wp\/v2\/comments?post=386"}],"version-history":[{"count":2,"href":"https:\/\/nuaclinic.es\/cat\/wp-json\/wp\/v2\/pages\/386\/revisions"}],"predecessor-version":[{"id":9949,"href":"https:\/\/nuaclinic.es\/cat\/wp-json\/wp\/v2\/pages\/386\/revisions\/9949"}],"wp:attachment":[{"href":"https:\/\/nuaclinic.es\/cat\/wp-json\/wp\/v2\/media?parent=386"}],"curies":[{"name":"wp","href":"https:\/\/api.w.org\/{rel}","templated":true}]}}