{"id":9207,"date":"2024-08-30T11:12:41","date_gmt":"2024-08-30T11:12:41","guid":{"rendered":"https:\/\/nuaclinic.es\/contact-us\/"},"modified":"2025-11-24T18:20:19","modified_gmt":"2025-11-24T18:20:19","slug":"contacta","status":"publish","type":"page","link":"https:\/\/nuaclinic.es\/cat\/contacta\/","title":{"rendered":"Contacta"},"content":{"rendered":"<div data-elementor-type=\"wp-page\" data-elementor-id=\"9207\" class=\"elementor elementor-9207\">\n\t\t\t\t\t\t<section class=\"elementor-section elementor-top-section elementor-element elementor-element-e9703c3 elementor-section-boxed elementor-section-height-default elementor-section-height-default sc_fly_static\" data-id=\"e9703c3\" data-element_type=\"section\" data-e-type=\"section\">\n\t\t\t\t\t\t<div class=\"elementor-container elementor-column-gap-extended\">\n\t\t\t\t\t<div class=\"elementor-column elementor-col-100 elementor-top-column elementor-element elementor-element-6c7ef0e sc_content_align_inherit sc_layouts_column_icons_position_left sc_fly_static\" data-id=\"6c7ef0e\" data-element_type=\"column\" data-e-type=\"column\">\n\t\t\t<div class=\"elementor-widget-wrap elementor-element-populated\">\n\t\t\t\t\t\t<div class=\"elementor-element elementor-element-59f3532 sc_height_huge sc_fly_static elementor-widget elementor-widget-spacer\" data-id=\"59f3532\" data-element_type=\"widget\" data-e-type=\"widget\" data-widget_type=\"spacer.default\">\n\t\t\t\t<div class=\"elementor-widget-container\">\n\t\t\t\t\t\t\t<div class=\"elementor-spacer\">\n\t\t\t<div class=\"elementor-spacer-inner\"><\/div>\n\t\t<\/div>\n\t\t\t\t\t\t<\/div>\n\t\t\t\t<\/div>\n\t\t\t\t<div class=\"elementor-element elementor-element-c3031bf sc_fly_static elementor-widget elementor-widget-spacer\" data-id=\"c3031bf\" data-element_type=\"widget\" data-e-type=\"widget\" data-widget_type=\"spacer.default\">\n\t\t\t\t<div class=\"elementor-widget-container\">\n\t\t\t\t\t\t\t<div class=\"elementor-spacer\">\n\t\t\t<div class=\"elementor-spacer-inner\"><\/div>\n\t\t<\/div>\n\t\t\t\t\t\t<\/div>\n\t\t\t\t<\/div>\n\t\t\t\t\t<\/div>\n\t\t<\/div>\n\t\t\t\t\t<\/div>\n\t\t<\/section>\n\t\t\t\t<section class=\"elementor-section elementor-top-section elementor-element elementor-element-4bf9fd9e elementor-section-boxed elementor-section-height-default elementor-section-height-default sc_fly_static\" data-id=\"4bf9fd9e\" data-element_type=\"section\" data-e-type=\"section\">\n\t\t\t\t\t\t<div class=\"elementor-container elementor-column-gap-extended\">\n\t\t\t\t\t<div class=\"elementor-column elementor-col-50 elementor-top-column elementor-element elementor-element-6548d1ac sc_content_align_inherit sc_layouts_column_icons_position_left sc_fly_static\" data-id=\"6548d1ac\" data-element_type=\"column\" data-e-type=\"column\">\n\t\t\t<div class=\"elementor-widget-wrap elementor-element-populated\">\n\t\t\t\t\t\t<div class=\"elementor-element elementor-element-4283433a sc_fly_static elementor-widget elementor-widget-trx_sc_title\" data-id=\"4283433a\" data-element_type=\"widget\" data-e-type=\"widget\" data-widget_type=\"trx_sc_title.default\">\n\t\t\t\t<div class=\"elementor-widget-container\">\n\t\t\t\t\t<div\t\tclass=\"sc_title sc_title_default\" ><span class=\"sc_item_subtitle sc_title_subtitle sc_item_subtitle_above sc_item_title_style_default\">cont\u00e1ctanos<\/span><h1 class=\"sc_item_title sc_title_title sc_item_title_style_default sc_item_title_tag\"\n\t\t\t><span class=\"sc_item_title_text\">\u00bfNecesitas informaci\u00f3n?<br>Contacta amb nosaltres<\/span><\/h1><div class=\"sc_item_descr sc_title_descr\"><p>Solicita tu visita con nuestro equipo, en NUA Clinic estamos seguras de que podemos ayudarte.<\/p>\n<\/div><\/div>\t\t\t\t<\/div>\n\t\t\t\t<\/div>\n\t\t\t\t<div class=\"elementor-element elementor-element-1bdcd687 sc_fly_static elementor-widget elementor-widget-spacer\" data-id=\"1bdcd687\" data-element_type=\"widget\" data-e-type=\"widget\" data-widget_type=\"spacer.default\">\n\t\t\t\t<div class=\"elementor-widget-container\">\n\t\t\t\t\t\t\t<div class=\"elementor-spacer\">\n\t\t\t<div class=\"elementor-spacer-inner\"><\/div>\n\t\t<\/div>\n\t\t\t\t\t\t<\/div>\n\t\t\t\t<\/div>\n\t\t\t\t<div class=\"elementor-element elementor-element-36007e66 sc_fly_static elementor-widget elementor-widget-trx_sc_icons\" data-id=\"36007e66\" data-element_type=\"widget\" data-e-type=\"widget\" data-widget_type=\"trx_sc_icons.default\">\n\t\t\t\t<div class=\"elementor-widget-container\">\n\t\t\t\t\t<div \tclass=\"sc_icons sc_icons_simple sc_icons_size_small sc_align_none\" ><div class=\"sc_icons_item sc_icons_item_linked with_more\"><div class=\"sc_icons_icon sc_icon_type_ icon-marker\" ><span class=\"sc_icon_type_ icon-marker\"><\/span><\/div><div class=\"sc_icons_item_details\"><a href=\"https:\/\/maps.app.goo.gl\/D2q5cfvKLE5A7C3L8\" class=\"sc_icons_item_more_link\">\n                        <span class=\"link_text\">Carrer de Balmes, 129, 4,2, Eixample, 08008 Barcelona<\/span><span class=\"link_icon\"><\/span>\n                        <\/a><a href=\"https:\/\/maps.app.goo.gl\/D2q5cfvKLE5A7C3L8\"\n                        class=\"sc_icons_item_link\">\n                        <\/a><\/div><\/div><div class=\"sc_icons_item sc_icons_item_linked with_more\"><div class=\"sc_icons_icon sc_icon_type_ icon-iphone\" ><span class=\"sc_icon_type_ icon-iphone\"><\/span><\/div><div class=\"sc_icons_item_details\"><a href=\"tel:+34931304774\" class=\"sc_icons_item_more_link\">\n                        <span class=\"link_text\">93 130 47 74<\/span><span class=\"link_icon\"><\/span>\n                        <\/a><a href=\"tel:+34931304774\"\n                        class=\"sc_icons_item_link\">\n                        <\/a><\/div><\/div><div class=\"sc_icons_item sc_icons_item_linked with_more\"><div class=\"sc_icons_icon sc_icon_type_ icon-envelope-2\" ><span class=\"sc_icon_type_ icon-envelope-2\"><\/span><\/div><div class=\"sc_icons_item_details\"><a href=\"http:\/\/info@nuaclinic.es\/cat\/\" class=\"sc_icons_item_more_link\">\n                        <span class=\"link_text\">info@nuaclinic.es<\/span><span class=\"link_icon\"><\/span>\n                        <\/a><a href=\"http:\/\/info@nuaclinic.es\/cat\/\"\n                        class=\"sc_icons_item_link\">\n                        <\/a><\/div><\/div><\/div><!-- \/.sc_icons -->\t\t\t\t<\/div>\n\t\t\t\t<\/div>\n\t\t\t\t\t<\/div>\n\t\t<\/div>\n\t\t\t\t<div class=\"elementor-column elementor-col-50 elementor-top-column elementor-element elementor-element-5437af7f sc_content_align_inherit sc_layouts_column_icons_position_left sc_fly_static\" data-id=\"5437af7f\" data-element_type=\"column\" data-e-type=\"column\">\n\t\t\t<div class=\"elementor-widget-wrap elementor-element-populated\">\n\t\t\t\t\t\t<div class=\"elementor-element elementor-element-17a5d58a sc_fly_static elementor-widget elementor-widget-spacer\" data-id=\"17a5d58a\" data-element_type=\"widget\" data-e-type=\"widget\" data-widget_type=\"spacer.default\">\n\t\t\t\t<div class=\"elementor-widget-container\">\n\t\t\t\t\t\t\t<div class=\"elementor-spacer\">\n\t\t\t<div class=\"elementor-spacer-inner\"><\/div>\n\t\t<\/div>\n\t\t\t\t\t\t<\/div>\n\t\t\t\t<\/div>\n\t\t\t\t<div class=\"elementor-element elementor-element-2477c10b sc_fly_static elementor-widget elementor-widget-trx_sc_contact_form_7\" data-id=\"2477c10b\" data-element_type=\"widget\" data-e-type=\"widget\" data-widget_type=\"trx_sc_contact_form_7.default\">\n\t\t\t\t<div class=\"elementor-widget-container\">\n\t\t\t\t\t\n<div class=\"wpcf7 no-js\" id=\"wpcf7-f7180-o1\" lang=\"es-ES\" dir=\"ltr\" data-wpcf7-id=\"7180\">\n<div class=\"screen-reader-response\"><p role=\"status\" aria-live=\"polite\" aria-atomic=\"true\"><\/p> <ul><\/ul><\/div>\n<form action=\"\/cat\/wp-json\/wp\/v2\/pages\/9207#wpcf7-f7180-o1\" method=\"post\" class=\"wpcf7-form init\" aria-label=\"Formulario de contacto\" novalidate=\"novalidate\" data-status=\"init\" data-trp-original-action=\"\/cat\/wp-json\/wp\/v2\/pages\/9207#wpcf7-f7180-o1\">\n<fieldset class=\"hidden-fields-container\"><input type=\"hidden\" name=\"_wpcf7\" value=\"7180\" \/><input type=\"hidden\" name=\"_wpcf7_version\" value=\"6.1.5\" \/><input type=\"hidden\" name=\"_wpcf7_locale\" value=\"es_ES\" \/><input type=\"hidden\" name=\"_wpcf7_unit_tag\" value=\"wpcf7-f7180-o1\" \/><input type=\"hidden\" name=\"_wpcf7_container_post\" value=\"0\" \/><input type=\"hidden\" name=\"_wpcf7_posted_data_hash\" value=\"\" \/>\n<\/fieldset>\n<p>Nom: <span class=\"wpcf7-form-control-wrap\" data-name=\"nombre\"><input size=\"40\" maxlength=\"400\" class=\"wpcf7-form-control wpcf7-text wpcf7-validates-as-required\" aria-required=\"true\" aria-invalid=\"false\" value=\"\" type=\"text\" name=\"nombre\" \/><\/span>\n<\/p>\n<p>Cognoms: <span class=\"wpcf7-form-control-wrap\" data-name=\"apellido\"><input size=\"40\" maxlength=\"400\" class=\"wpcf7-form-control wpcf7-text wpcf7-validates-as-required\" aria-required=\"true\" aria-invalid=\"false\" value=\"\" type=\"text\" name=\"apellido\" \/><\/span>\n<\/p>\n<p>DNI\/NIE: <span class=\"wpcf7-form-control-wrap\" data-name=\"dni\"><input size=\"40\" maxlength=\"400\" class=\"wpcf7-form-control wpcf7-text wpcf7-validates-as-required\" aria-required=\"true\" aria-invalid=\"false\" value=\"\" type=\"text\" name=\"dni\" \/><\/span>\n<\/p>\n<p>Tel\u00e8fon: <span class=\"wpcf7-form-control-wrap\" data-name=\"telefono\"><input size=\"40\" maxlength=\"400\" class=\"wpcf7-form-control wpcf7-tel wpcf7-text wpcf7-validates-as-tel\" aria-invalid=\"false\" value=\"\" type=\"tel\" name=\"telefono\" \/><\/span>\n<\/p>\n<p>E-mail: <span class=\"wpcf7-form-control-wrap\" data-name=\"email\"><input size=\"40\" maxlength=\"400\" class=\"wpcf7-form-control wpcf7-email wpcf7-validates-as-required wpcf7-text wpcf7-validates-as-email\" aria-required=\"true\" aria-invalid=\"false\" value=\"\" type=\"email\" name=\"email\" \/><\/span>\n<\/p>\n<p>Servicio: <span class=\"wpcf7-form-control-wrap\" data-name=\"servicio\"><select class=\"wpcf7-form-control wpcf7-select\" aria-invalid=\"false\" name=\"servicio\"><option value=\"Consultor\u00eda de Lactancia (domicilio)\">Consultor\u00eda de Lactancia (domicilio)<\/option><option value=\"Consultor\u00eda de Lactancia (online)\">Consultor\u00eda de Lactancia (online)<\/option><option value=\"Consultor\u00eda de Lactancia (presencial)\">Consultor\u00eda de Lactancia (presencial)<\/option><option value=\"Cultivo de Leche Materna\">Cultivo de Leche Materna<\/option><option value=\"Fisiosexolog\u00eda\">Fisiosexologia<\/option><option value=\"Fisioterapia Pedi\u00e1trica\">Fisioterapia Pedi\u00e1trica<\/option><option value=\"Fisioterapia Suelo p\u00e9lvico\">Fisioterapia Suelo p\u00e9lvico<\/option><option value=\"Pediatr\u00eda\">Pediatria<\/option><option value=\"Psicolog\u00eda (online)\">Psicolog\u00eda (online)<\/option><option value=\"Psicolog\u00eda (presencial)\">Psicolog\u00eda (presencial)<\/option><option value=\"Psicolog\u00eda Infantil (online)\">Psicolog\u00eda Infantil (online)<\/option><option value=\"Psicolog\u00eda Infantil (presencial)\">Psicolog\u00eda Infantil (presencial)<\/option><option value=\"Asesoramiento y orientaci\u00f3n familiar (online)\">Asesoramiento y orientaci\u00f3n familiar (online)<\/option><option value=\"Asesoramiento y orientaci\u00f3n familiar (presencial)\">Asesoramiento y orientaci\u00f3n familiar (presencial)<\/option><option value=\"Valoraci\u00f3n Frenillo lingual y Frenotom\u00eda\">Valoraci\u00f3n Frenillo lingual y Frenotom\u00eda<\/option><\/select><\/span>\n<\/p>\n<p>Motiu de consulta: <span class=\"wpcf7-form-control-wrap\" data-name=\"mensaje\"><textarea cols=\"40\" rows=\"10\" maxlength=\"2000\" class=\"wpcf7-form-control wpcf7-textarea\" aria-invalid=\"false\" name=\"mensaje\"><\/textarea><\/span>\n<\/p>\n<p><span class=\"wpcf7-form-control-wrap\" data-name=\"legal\"><span class=\"wpcf7-form-control wpcf7-acceptance\"><span class=\"wpcf7-list-item\"><label><input type=\"checkbox\" name=\"legal\" value=\"1\" aria-invalid=\"false\" \/><span class=\"wpcf7-list-item-label\">He llegit i accepto la <a target=\"_blank\" href=\"http:\/\/nuaclinic.es\/cat\/politica-de-privacidad\/\"><u>Pol\u00edtica de Privacitat<\/u><\/a> i l' <a target=\"_blank\" href=\"http:\/\/nuaclinic.es\/cat\/legal\/\"><u>Av\u00eds legal<\/u><\/a> de la p\u00e0gina<\/span><\/label><\/span><\/span><\/span>\n<\/p>\n<p><input class=\"wpcf7-form-control wpcf7-submit has-spinner\" type=\"submit\" value=\"ENVIAR\" \/>\n<\/p><div class=\"wpcf7-response-output\" aria-hidden=\"true\"><\/div>\n<input type=\"hidden\" name=\"trp-form-language\" value=\"cat\"\/><\/form>\n<\/div>\n\t\t\t\t<\/div>\n\t\t\t\t<\/div>\n\t\t\t\t\t<\/div>\n\t\t<\/div>\n\t\t\t\t\t<\/div>\n\t\t<\/section>\n\t\t\t\t<section class=\"elementor-section elementor-top-section elementor-element elementor-element-a2d9eeb elementor-section-boxed elementor-section-height-default elementor-section-height-default sc_fly_static\" data-id=\"a2d9eeb\" data-element_type=\"section\" data-e-type=\"section\">\n\t\t\t\t\t\t<div class=\"elementor-container elementor-column-gap-extended\">\n\t\t\t\t\t<div class=\"elementor-column elementor-col-100 elementor-top-column elementor-element elementor-element-9bfdd29 sc_content_align_inherit sc_layouts_column_icons_position_left sc_fly_static\" data-id=\"9bfdd29\" data-element_type=\"column\" data-e-type=\"column\">\n\t\t\t<div class=\"elementor-widget-wrap elementor-element-populated\">\n\t\t\t\t\t\t<div class=\"elementor-element elementor-element-e171dde sc_height_huge sc_fly_static elementor-widget elementor-widget-spacer\" data-id=\"e171dde\" data-element_type=\"widget\" data-e-type=\"widget\" data-widget_type=\"spacer.default\">\n\t\t\t\t<div class=\"elementor-widget-container\">\n\t\t\t\t\t\t\t<div class=\"elementor-spacer\">\n\t\t\t<div class=\"elementor-spacer-inner\"><\/div>\n\t\t<\/div>\n\t\t\t\t\t\t<\/div>\n\t\t\t\t<\/div>\n\t\t\t\t<div class=\"elementor-element elementor-element-3429643 sc_fly_static elementor-widget elementor-widget-spacer\" data-id=\"3429643\" data-element_type=\"widget\" data-e-type=\"widget\" data-widget_type=\"spacer.default\">\n\t\t\t\t<div class=\"elementor-widget-container\">\n\t\t\t\t\t\t\t<div class=\"elementor-spacer\">\n\t\t\t<div class=\"elementor-spacer-inner\"><\/div>\n\t\t<\/div>\n\t\t\t\t\t\t<\/div>\n\t\t\t\t<\/div>\n\t\t\t\t\t<\/div>\n\t\t<\/div>\n\t\t\t\t\t<\/div>\n\t\t<\/section>\n\t\t\t\t<section class=\"elementor-section elementor-top-section elementor-element elementor-element-31a34e4e elementor-section-full_width elementor-section-height-default elementor-section-height-default sc_fly_static\" data-id=\"31a34e4e\" data-element_type=\"section\" data-e-type=\"section\">\n\t\t\t\t\t\t<div class=\"elementor-container elementor-column-gap-no\">\n\t\t\t\t\t<div class=\"elementor-column elementor-col-100 elementor-top-column elementor-element elementor-element-54926046 sc_content_align_inherit sc_layouts_column_icons_position_left sc_fly_static\" data-id=\"54926046\" data-element_type=\"column\" data-e-type=\"column\">\n\t\t\t<div class=\"elementor-widget-wrap elementor-element-populated\">\n\t\t\t\t\t\t<div class=\"elementor-element elementor-element-353a8931 sc_fly_static elementor-widget elementor-widget-trx_sc_googlemap\" data-id=\"353a8931\" data-element_type=\"widget\" data-e-type=\"widget\" data-widget_type=\"trx_sc_googlemap.default\">\n\t\t\t\t<div class=\"elementor-widget-container\">\n\t\t\t\t\t<div id=\"sc_googlemap_1344901860_wrap\" class=\"sc_googlemap_wrap\"><div id=\"sc_googlemap_1344901860\"\t\t\tclass=\"sc_item_content sc_map sc_googlemap sc_googlemap_default trx_addons_inline_1419127589\"\n\t\t\t \t\t\tdata-zoom=\"15\"\n\t\t\tdata-center=\"\"\n\t\t\tdata-style=\"extra\"\n\t\t\tdata-map-id=\"\"\n\t\t\tdata-cluster-icon=\"\"\n\t\t\t><iframe\n\t\t\t\t\t\tsrc=\"https:\/\/maps.google.com\/maps?t=m&output=embed&iwloc=near&z=15&q=c%2F+Valencia+263%2C+3ro+1a+08007+Barcelona\"\n\t\t\t\t\t\taria-label=\"\"><\/iframe><\/div><\/div>\t\t\t\t<\/div>\n\t\t\t\t<\/div>\n\t\t\t\t\t<\/div>\n\t\t<\/div>\n\t\t\t\t\t<\/div>\n\t\t<\/section>\n\t\t\t\t<\/div>","protected":false},"excerpt":{"rendered":"<p>cont\u00e1ctanos \u00bfNecesitas informaci\u00f3n?Contacta con nosotras Solicita tu visita con nuestro equipo, en NUA Clinic estamos seguras de que podemos ayudarte. Carrer de Balmes, 129, 4,2, Eixample, 08008 Barcelona 93 130&hellip;<\/p>","protected":false},"author":1,"featured_media":0,"parent":0,"menu_order":0,"comment_status":"closed","ping_status":"closed","template":"","meta":{"_eb_attr":"","_joinchat":[],"footnotes":""},"class_list":["post-9207","page","type-page","status-publish","hentry"],"yoast_head":"<!-- This site is optimized with the Yoast SEO plugin v27.3 - https:\/\/yoast.com\/product\/yoast-seo-wordpress\/ -->\n<title>Contacta - Nua Clinic<\/title>\n<meta name=\"robots\" content=\"index, follow, max-snippet:-1, max-image-preview:large, max-video-preview:-1\" \/>\n<link rel=\"canonical\" href=\"https:\/\/nuaclinic.es\/cat\/contacta\/\" \/>\n<meta property=\"og:locale\" content=\"ca_ES\" \/>\n<meta property=\"og:type\" content=\"article\" \/>\n<meta property=\"og:title\" content=\"Contacta - Nua Clinic\" \/>\n<meta property=\"og:description\" content=\"cont\u00e1ctanos \u00bfNecesitas informaci\u00f3n?Contacta con nosotras Solicita tu visita con nuestro equipo, en NUA Clinic estamos seguras de que podemos ayudarte. Carrer de Balmes, 129, 4,2, Eixample, 08008 Barcelona 93 130&hellip;\" \/>\n<meta property=\"og:url\" content=\"https:\/\/nuaclinic.es\/cat\/contacta\/\" \/>\n<meta property=\"og:site_name\" content=\"Nua Clinic\" \/>\n<meta property=\"article:modified_time\" content=\"2025-11-24T18:20:19+00:00\" \/>\n<meta name=\"twitter:card\" content=\"summary_large_image\" \/>\n<meta name=\"twitter:label1\" content=\"Temps estimat de lectura\" \/>\n\t<meta name=\"twitter:data1\" content=\"1 minut\" \/>\n<script type=\"application\/ld+json\" class=\"yoast-schema-graph\">{\"@context\":\"https:\\\/\\\/schema.org\",\"@graph\":[{\"@type\":\"WebPage\",\"@id\":\"https:\\\/\\\/nuaclinic.es\\\/esp\\\/contacta\\\/\",\"url\":\"https:\\\/\\\/nuaclinic.es\\\/esp\\\/contacta\\\/\",\"name\":\"Contacta - Nua Clinic\",\"isPartOf\":{\"@id\":\"https:\\\/\\\/nuaclinic.es\\\/esp\\\/#website\"},\"datePublished\":\"2024-08-30T11:12:41+00:00\",\"dateModified\":\"2025-11-24T18:20:19+00:00\",\"breadcrumb\":{\"@id\":\"https:\\\/\\\/nuaclinic.es\\\/esp\\\/contacta\\\/#breadcrumb\"},\"inLanguage\":\"ca\",\"potentialAction\":[{\"@type\":\"ReadAction\",\"target\":[\"https:\\\/\\\/nuaclinic.es\\\/esp\\\/contacta\\\/\"]}]},{\"@type\":\"BreadcrumbList\",\"@id\":\"https:\\\/\\\/nuaclinic.es\\\/esp\\\/contacta\\\/#breadcrumb\",\"itemListElement\":[{\"@type\":\"ListItem\",\"position\":1,\"name\":\"Portada\",\"item\":\"https:\\\/\\\/nuaclinic.es\\\/\"},{\"@type\":\"ListItem\",\"position\":2,\"name\":\"Contacta\"}]},{\"@type\":\"WebSite\",\"@id\":\"https:\\\/\\\/nuaclinic.es\\\/esp\\\/#website\",\"url\":\"https:\\\/\\\/nuaclinic.es\\\/esp\\\/\",\"name\":\"Nua Clinic\",\"description\":\"Cl\u00ednica de atenci\u00f3n integral a la mujer ubicada en Barcelona. Atenci\u00f3n presencial y online. Equipo multidisciplinar  que trabajamos de forma interdisciplinar para poder prestar una atenci\u00f3n de calidad a las personas que acuden a nuestra consulta\",\"publisher\":{\"@id\":\"https:\\\/\\\/nuaclinic.es\\\/esp\\\/#organization\"},\"potentialAction\":[{\"@type\":\"SearchAction\",\"target\":{\"@type\":\"EntryPoint\",\"urlTemplate\":\"https:\\\/\\\/nuaclinic.es\\\/esp\\\/?s={search_term_string}\"},\"query-input\":{\"@type\":\"PropertyValueSpecification\",\"valueRequired\":true,\"valueName\":\"search_term_string\"}}],\"inLanguage\":\"ca\"},{\"@type\":\"Organization\",\"@id\":\"https:\\\/\\\/nuaclinic.es\\\/esp\\\/#organization\",\"name\":\"Nua Clinic\",\"url\":\"https:\\\/\\\/nuaclinic.es\\\/esp\\\/\",\"logo\":{\"@type\":\"ImageObject\",\"inLanguage\":\"ca\",\"@id\":\"https:\\\/\\\/nuaclinic.es\\\/esp\\\/#\\\/schema\\\/logo\\\/image\\\/\",\"url\":\"https:\\\/\\\/nuaclinic.es\\\/wp-content\\\/uploads\\\/2025\\\/10\\\/logo-nua-clinic.png\",\"contentUrl\":\"https:\\\/\\\/nuaclinic.es\\\/wp-content\\\/uploads\\\/2025\\\/10\\\/logo-nua-clinic.png\",\"width\":1748,\"height\":1748,\"caption\":\"Nua Clinic\"},\"image\":{\"@id\":\"https:\\\/\\\/nuaclinic.es\\\/esp\\\/#\\\/schema\\\/logo\\\/image\\\/\"}}]}<\/script>\n<!-- \/ Yoast SEO plugin. -->","yoast_head_json":{"title":"Contacta - Nua Clinic","robots":{"index":"index","follow":"follow","max-snippet":"max-snippet:-1","max-image-preview":"max-image-preview:large","max-video-preview":"max-video-preview:-1"},"canonical":"https:\/\/nuaclinic.es\/cat\/contacta\/","og_locale":"ca_ES","og_type":"article","og_title":"Contacta - Nua Clinic","og_description":"cont\u00e1ctanos \u00bfNecesitas informaci\u00f3n?Contacta con nosotras Solicita tu visita con nuestro equipo, en NUA Clinic estamos seguras de que podemos ayudarte. Carrer de Balmes, 129, 4,2, Eixample, 08008 Barcelona 93 130&hellip;","og_url":"https:\/\/nuaclinic.es\/cat\/contacta\/","og_site_name":"Nua Clinic","article_modified_time":"2025-11-24T18:20:19+00:00","twitter_card":"summary_large_image","twitter_misc":{"Temps estimat de lectura":"1 minut"},"schema":{"@context":"https:\/\/schema.org","@graph":[{"@type":"WebPage","@id":"https:\/\/nuaclinic.es\/esp\/contacta\/","url":"https:\/\/nuaclinic.es\/esp\/contacta\/","name":"Contacta - Nua Clinic","isPartOf":{"@id":"https:\/\/nuaclinic.es\/esp\/#website"},"datePublished":"2024-08-30T11:12:41+00:00","dateModified":"2025-11-24T18:20:19+00:00","breadcrumb":{"@id":"https:\/\/nuaclinic.es\/esp\/contacta\/#breadcrumb"},"inLanguage":"ca","potentialAction":[{"@type":"ReadAction","target":["https:\/\/nuaclinic.es\/esp\/contacta\/"]}]},{"@type":"BreadcrumbList","@id":"https:\/\/nuaclinic.es\/esp\/contacta\/#breadcrumb","itemListElement":[{"@type":"ListItem","position":1,"name":"Portada","item":"https:\/\/nuaclinic.es\/"},{"@type":"ListItem","position":2,"name":"Contacta"}]},{"@type":"WebSite","@id":"https:\/\/nuaclinic.es\/esp\/#website","url":"https:\/\/nuaclinic.es\/esp\/","name":"Nua Clinic","description":"Cl\u00ednica de atenci\u00f3n integral a la mujer ubicada en Barcelona. Atenci\u00f3n presencial y online. Equipo multidisciplinar  que trabajamos de forma interdisciplinar para poder prestar una atenci\u00f3n de calidad a las personas que acuden a nuestra consulta","publisher":{"@id":"https:\/\/nuaclinic.es\/esp\/#organization"},"potentialAction":[{"@type":"SearchAction","target":{"@type":"EntryPoint","urlTemplate":"https:\/\/nuaclinic.es\/esp\/?s={search_term_string}"},"query-input":{"@type":"PropertyValueSpecification","valueRequired":true,"valueName":"search_term_string"}}],"inLanguage":"ca"},{"@type":"Organization","@id":"https:\/\/nuaclinic.es\/esp\/#organization","name":"Nua Clinic","url":"https:\/\/nuaclinic.es\/esp\/","logo":{"@type":"ImageObject","inLanguage":"ca","@id":"https:\/\/nuaclinic.es\/esp\/#\/schema\/logo\/image\/","url":"https:\/\/nuaclinic.es\/wp-content\/uploads\/2025\/10\/logo-nua-clinic.png","contentUrl":"https:\/\/nuaclinic.es\/wp-content\/uploads\/2025\/10\/logo-nua-clinic.png","width":1748,"height":1748,"caption":"Nua Clinic"},"image":{"@id":"https:\/\/nuaclinic.es\/esp\/#\/schema\/logo\/image\/"}}]}},"_links":{"self":[{"href":"https:\/\/nuaclinic.es\/cat\/wp-json\/wp\/v2\/pages\/9207","targetHints":{"allow":["GET"]}}],"collection":[{"href":"https:\/\/nuaclinic.es\/cat\/wp-json\/wp\/v2\/pages"}],"about":[{"href":"https:\/\/nuaclinic.es\/cat\/wp-json\/wp\/v2\/types\/page"}],"author":[{"embeddable":true,"href":"https:\/\/nuaclinic.es\/cat\/wp-json\/wp\/v2\/users\/1"}],"replies":[{"embeddable":true,"href":"https:\/\/nuaclinic.es\/cat\/wp-json\/wp\/v2\/comments?post=9207"}],"version-history":[{"count":18,"href":"https:\/\/nuaclinic.es\/cat\/wp-json\/wp\/v2\/pages\/9207\/revisions"}],"predecessor-version":[{"id":10348,"href":"https:\/\/nuaclinic.es\/cat\/wp-json\/wp\/v2\/pages\/9207\/revisions\/10348"}],"wp:attachment":[{"href":"https:\/\/nuaclinic.es\/cat\/wp-json\/wp\/v2\/media?parent=9207"}],"curies":[{"name":"wp","href":"https:\/\/api.w.org\/{rel}","templated":true}]}}